{"id":181,"date":"2015-03-29T18:03:25","date_gmt":"2015-03-29T17:03:25","guid":{"rendered":"http:\/\/www.zollinger-theater.de\/wp\/?page_id=181"},"modified":"2019-01-30T19:31:00","modified_gmt":"2019-01-30T18:31:00","slug":"ueber-uns","status":"publish","type":"page","link":"http:\/\/www.zollinger-theater.de\/?page_id=181","title":{"rendered":"\u00dcber uns"},"content":{"rendered":"<p>Der Verein `s Zollinger Theater besteht derzeit aus \u00fcber 80 ordentlichen Mitgliedern. Jedes Jahr sind wir in Zolling kulturell aktiv, sei es mit eigenen Theaterinszenierungen oder Veranstaltungen mit G\u00e4sten aus Kabarett oder Theater. Beispiele sind in der Rubrik Veranstaltungen zu finden.<\/p>\n<p>Seit 2012 veranstalten wir alle 2 Jahre im M\u00e4rz ein Starkbierfest, das mit gro\u00dfen Zuspruch von unseren G\u00e4sten angenommen wird.<\/p>\n<p>Weiterhin pflegen wir das Vereinsleben mit Sommerfesten und gemeinsamen Veranstaltungsbesuchen.<\/p>\n<p>Wenn Sie bei uns mitmachen wollen, senden Sie einfach eine kurze Mail an Nachricht(\u00e4t)zollinger-theater.de<\/p>\n","protected":false},"excerpt":{"rendered":"<p>Der Verein `s Zollinger Theater besteht derzeit aus \u00fcber 80 ordentlichen Mitgliedern. Jedes Jahr sind wir in Zolling kulturell aktiv, sei es mit eigenen Theaterinszenierungen oder Veranstaltungen mit G\u00e4sten aus Kabarett oder Theater. Beispiele sind in der Rubrik Veranstaltungen zu finden. Seit 2012 veranstalten wir alle 2 Jahre im M\u00e4rz ein Starkbierfest, das mit gro\u00dfen &#8230; <a title=\"\u00dcber uns\" class=\"read-more\" href=\"http:\/\/www.zollinger-theater.de\/?page_id=181\" aria-label=\"Mehr Informationen \u00fcber \u00dcber uns\">Weiterlesen<\/a><\/p>\n","protected":false},"author":1,"featured_media":0,"parent":0,"menu_order":0,"comment_status":"closed","ping_status":"closed","template":"","meta":{"footnotes":""},"class_list":["post-181","page","type-page","status-publish"],"_links":{"self":[{"href":"http:\/\/www.zollinger-theater.de\/index.php?rest_route=\/wp\/v2\/pages\/181","targetHints":{"allow":["GET"]}}],"collection":[{"href":"http:\/\/www.zollinger-theater.de\/index.php?rest_route=\/wp\/v2\/pages"}],"about":[{"href":"http:\/\/www.zollinger-theater.de\/index.php?rest_route=\/wp\/v2\/types\/page"}],"author":[{"embeddable":true,"href":"http:\/\/www.zollinger-theater.de\/index.php?rest_route=\/wp\/v2\/users\/1"}],"replies":[{"embeddable":true,"href":"http:\/\/www.zollinger-theater.de\/index.php?rest_route=%2Fwp%2Fv2%2Fcomments&post=181"}],"version-history":[{"count":3,"href":"http:\/\/www.zollinger-theater.de\/index.php?rest_route=\/wp\/v2\/pages\/181\/revisions"}],"predecessor-version":[{"id":497,"href":"http:\/\/www.zollinger-theater.de\/index.php?rest_route=\/wp\/v2\/pages\/181\/revisions\/497"}],"wp:attachment":[{"href":"http:\/\/www.zollinger-theater.de\/index.php?rest_route=%2Fwp%2Fv2%2Fmedia&parent=181"}],"curies":[{"name":"wp","href":"https:\/\/api.w.org\/{rel}","templated":true}]}}