{"id":562,"date":"2021-12-13T10:18:52","date_gmt":"2021-12-13T09:18:52","guid":{"rendered":"http:\/\/www.zollinger-theater.de\/?page_id=562"},"modified":"2021-12-13T10:19:45","modified_gmt":"2021-12-13T09:19:45","slug":"2019-das-dorfjubilaeum","status":"publish","type":"page","link":"http:\/\/www.zollinger-theater.de\/?page_id=562","title":{"rendered":"2019 &#8211; Das Dorfjubil\u00e4um"},"content":{"rendered":"<p>2019 &#8211; Das Dorfjubil\u00e4um<\/p>\n<p><a href=\"http:\/\/www.zollinger-theater.de\/wp\/wp-content\/uploads\/2021\/12\/2G2A8130--scaled.jpg\"><img loading=\"lazy\" decoding=\"async\" class=\"aligncenter size-full wp-image-565\" src=\"http:\/\/www.zollinger-theater.de\/wp\/wp-content\/uploads\/2021\/12\/2G2A8130--scaled.jpg\" alt=\"\" width=\"2560\" height=\"1440\" srcset=\"http:\/\/www.zollinger-theater.de\/wp\/wp-content\/uploads\/2021\/12\/2G2A8130--scaled.jpg 2560w, http:\/\/www.zollinger-theater.de\/wp\/wp-content\/uploads\/2021\/12\/2G2A8130--300x169.jpg 300w, http:\/\/www.zollinger-theater.de\/wp\/wp-content\/uploads\/2021\/12\/2G2A8130--1024x576.jpg 1024w, http:\/\/www.zollinger-theater.de\/wp\/wp-content\/uploads\/2021\/12\/2G2A8130--768x432.jpg 768w, http:\/\/www.zollinger-theater.de\/wp\/wp-content\/uploads\/2021\/12\/2G2A8130--1536x864.jpg 1536w, http:\/\/www.zollinger-theater.de\/wp\/wp-content\/uploads\/2021\/12\/2G2A8130--2048x1152.jpg 2048w\" sizes=\"auto, (max-width: 2560px) 100vw, 2560px\" \/><\/a><\/p>\n<p class=\"p1\"><span class=\"s1\"><b><i>Es steht ein Jubil\u00e4um im Dorf an!<\/i><\/b><\/span><\/p>\n<p><span class=\"s2\">Die Vorst\u00e4nde der \u00f6rtlichen Vereine bilden zusammen mit dem B\u00fcrgermeister das Festkomitee zur Festlegung der Feierlichkeiten. In den Diskurs \u00fcber deren Umfang und den Inhalt schaltet sich \u00fcberraschend die hohe Geistlichkeit ein &#8211; mit einem unerwarteten Vorschlag.<br \/>\nDass diesem gefolgt wird, ist Ehrensache und entspricht der Tradition! Die Umsetzung erweist sich jedoch als nicht unproblematisch, es handelt sich schlie\u00dflich bei den Komiteemitgliedern um gestandene Charaktere. Dann k\u00fcndigen sich auch noch Politik und Medien zum Jubil\u00e4umsakt an&#8230;eine echte Herausforderung f\u00fcr die Dorfgemeinschaft!<span class=\"Apple-converted-space\">\u00a0<\/span><\/span><\/p>\n<p><strong>Mitwirkende:<\/strong><\/p>\n<table class=\"t1\" cellspacing=\"0\" cellpadding=\"0\">\n<tbody>\n<tr>\n<td class=\"td1\" valign=\"middle\">\n<p class=\"p1\">Peter<span class=\"Apple-converted-space\">\u00a0<\/span><\/p>\n<\/td>\n<td class=\"td1\" valign=\"middle\">\n<p class=\"p1\">B\u00fcrgermeister, Pr\u00e4sident des Musikvereins<\/p>\n<\/td>\n<td class=\"td1\" valign=\"middle\">\n<p class=\"p1\">Josef W\u00f6hrl<\/p>\n<\/td>\n<\/tr>\n<tr>\n<td class=\"td1\" valign=\"middle\">\n<p class=\"p1\">Maria<span class=\"Apple-converted-space\">\u00a0<\/span><\/p>\n<\/td>\n<td class=\"td1\" valign=\"middle\">\n<p class=\"p1\">Seine Frau<\/p>\n<\/td>\n<td class=\"td1\" valign=\"middle\">\n<p class=\"p1\">Ulrike Reiter<\/p>\n<\/td>\n<\/tr>\n<tr>\n<td class=\"td1\" valign=\"middle\">\n<p class=\"p1\">Marianne<span class=\"Apple-converted-space\">\u00a0<\/span><\/p>\n<\/td>\n<td class=\"td1\" valign=\"middle\">\n<p class=\"p1\">Vorsitzende des Kirchenchores<\/p>\n<\/td>\n<td class=\"td1\" valign=\"middle\">\n<p class=\"p1\">Elisabeth D\u00f6rr<\/p>\n<\/td>\n<\/tr>\n<tr>\n<td class=\"td1\" valign=\"middle\">\n<p class=\"p1\">Traudl<span class=\"Apple-converted-space\">\u00a0<\/span><\/p>\n<\/td>\n<td class=\"td1\" valign=\"middle\">\n<p class=\"p1\">Kassiererin des Kirchchores<\/p>\n<\/td>\n<td class=\"td1\" valign=\"middle\">\n<p class=\"p1\">Babsi Schopf<\/p>\n<\/td>\n<\/tr>\n<tr>\n<td class=\"td1\" valign=\"middle\">\n<p class=\"p1\">Gerlinde<span class=\"Apple-converted-space\">\u00a0<\/span><\/p>\n<\/td>\n<td class=\"td1\" valign=\"middle\">\n<p class=\"p1\">Oberwachtmeisterin<\/p>\n<\/td>\n<td class=\"td1\" valign=\"middle\">\n<p class=\"p1\">Renate Schuhbauer<\/p>\n<\/td>\n<\/tr>\n<tr>\n<td class=\"td1\" valign=\"middle\">\n<p class=\"p1\">Martin<span class=\"Apple-converted-space\">\u00a0<\/span><\/p>\n<\/td>\n<td class=\"td1\" valign=\"middle\">\n<p class=\"p1\">Feuerwehrkommandant<\/p>\n<\/td>\n<td class=\"td1\" valign=\"middle\">\n<p class=\"p1\">Michael Moosreiner<\/p>\n<\/td>\n<\/tr>\n<tr>\n<td class=\"td1\" valign=\"middle\">\n<p class=\"p1\">Seppe<span class=\"Apple-converted-space\">\u00a0<\/span><\/p>\n<\/td>\n<td class=\"td1\" valign=\"middle\">\n<p class=\"p1\">Pr\u00e4sident des Sportvereins<\/p>\n<\/td>\n<td class=\"td1\" valign=\"middle\">\n<p class=\"p1\">Martin Schuhladen<\/p>\n<\/td>\n<\/tr>\n<tr>\n<td class=\"td1\" valign=\"middle\">\n<p class=\"p1\">Manni<span class=\"Apple-converted-space\">\u00a0<\/span><\/p>\n<\/td>\n<td class=\"td1\" valign=\"middle\">\n<p class=\"p1\">Kassierer des Sportvereins<span class=\"Apple-converted-space\">\u00a0<\/span><\/p>\n<\/td>\n<td class=\"td1\" valign=\"middle\">\n<p class=\"p1\">Walter Gruber<\/p>\n<\/td>\n<\/tr>\n<tr>\n<td class=\"td1\" valign=\"middle\">\n<p class=\"p1\">Pfarrer<\/p>\n<\/td>\n<td class=\"td1\" valign=\"middle\">\n<p class=\"p1\">Mit-Initiator und Impulsgeber<span class=\"Apple-converted-space\">\u00a0<\/span><\/p>\n<\/td>\n<td class=\"td1\" valign=\"middle\">\n<p class=\"p1\">Pater Ignatius<\/p>\n<\/td>\n<\/tr>\n<tr>\n<td class=\"td1\" valign=\"middle\">\n<p class=\"p1\">Pater Georgios<\/p>\n<\/td>\n<td class=\"td1\" valign=\"middle\">\n<p class=\"p1\">Er hat es nicht leicht mit dem Festkomitee<\/p>\n<\/td>\n<td class=\"td1\" valign=\"middle\">\n<p class=\"p1\">Georg V\u00f6lkl<\/p>\n<\/td>\n<\/tr>\n<tr>\n<td class=\"td1\" valign=\"middle\">\n<p class=\"p1\">Gabriele<span class=\"Apple-converted-space\">\u00a0<\/span><\/p>\n<\/td>\n<td class=\"td1\" valign=\"middle\">\n<p class=\"p1\">Pfarrk\u00f6chin<\/p>\n<\/td>\n<td class=\"td1\" valign=\"middle\">\n<p class=\"p1\">Lisa Forster<\/p>\n<\/td>\n<\/tr>\n<tr>\n<td class=\"td1\" valign=\"middle\">\n<p class=\"p1\">Ludwig Lakes<\/p>\n<\/td>\n<td class=\"td1\" valign=\"middle\">\n<p class=\"p1\">BR-Moderator<\/p>\n<\/td>\n<td class=\"td1\" valign=\"middle\">\n<p class=\"p1\">Jochen Fischer<\/p>\n<\/td>\n<\/tr>\n<tr>\n<td class=\"td1\" valign=\"middle\">\n<p class=\"p1\">Florian<span class=\"Apple-converted-space\">\u00a0<\/span><\/p>\n<\/td>\n<td class=\"td1\" valign=\"middle\">\n<p class=\"p1\">Erster <span class=\"Apple-converted-space\">\u00a0 <\/span>Vorstand Burschenverein<\/p>\n<\/td>\n<td class=\"td1\" valign=\"middle\">\n<p class=\"p1\">Stefan Kaindl<\/p>\n<\/td>\n<\/tr>\n<tr>\n<td class=\"td1\" valign=\"middle\">\n<p class=\"p1\">Maro<\/p>\n<\/td>\n<td class=\"td1\" valign=\"middle\">\n<p class=\"p1\">Zweiter Vorstand Burschenverein<\/p>\n<\/td>\n<td class=\"td1\" valign=\"middle\">\n<p class=\"p1\">Benedikt Reiter<\/p>\n<\/td>\n<\/tr>\n<tr>\n<td class=\"td1\" valign=\"middle\">\n<p class=\"p1\">Christina<\/p>\n<\/td>\n<td class=\"td1\" valign=\"middle\">\n<p class=\"p1\">Erster <span class=\"Apple-converted-space\">\u00a0 <\/span>Vorstand M\u00e4dchengruppe<\/p>\n<\/td>\n<td class=\"td1\" valign=\"middle\">\n<p class=\"p1\">Barbara Schlichenmaier<\/p>\n<\/td>\n<\/tr>\n<tr>\n<td class=\"td1\" valign=\"middle\">\n<p class=\"p1\">Sabrina<\/p>\n<\/td>\n<td class=\"td1\" valign=\"middle\">\n<p class=\"p1\">Zweiter Vorstand M\u00e4dchengruppe<\/p>\n<\/td>\n<td class=\"td1\" valign=\"middle\">\n<p class=\"p1\">Franziska Sellmeier<\/p>\n<\/td>\n<\/tr>\n<tr>\n<td class=\"td1\" valign=\"middle\">\n<p class=\"p1\">Schorsch<\/p>\n<\/td>\n<td class=\"td1\" valign=\"middle\">\n<p class=\"p1\">Erster <span class=\"Apple-converted-space\">\u00a0 <\/span>Vorstand Theatergruppe<span class=\"Apple-converted-space\">\u00a0<\/span><\/p>\n<\/td>\n<td class=\"td1\" valign=\"middle\">\n<p class=\"p1\">Georg Brandmaier<\/p>\n<\/td>\n<\/tr>\n<tr>\n<td class=\"td1\" valign=\"middle\">\n<p class=\"p1\">Jochen<\/p>\n<\/td>\n<td class=\"td1\" valign=\"middle\">\n<p class=\"p1\">Zweiter Vorstand Theatergruppe<span class=\"Apple-converted-space\">\u00a0<\/span><\/p>\n<\/td>\n<td class=\"td1\" valign=\"middle\">\n<p class=\"p1\">Jochen Fischer<\/p>\n<\/td>\n<\/tr>\n<\/tbody>\n<\/table>\n","protected":false},"excerpt":{"rendered":"<p>2019 &#8211; Das Dorfjubil\u00e4um Es steht ein Jubil\u00e4um im Dorf an! Die Vorst\u00e4nde der \u00f6rtlichen Vereine bilden zusammen mit dem B\u00fcrgermeister das Festkomitee zur Festlegung der Feierlichkeiten. In den Diskurs \u00fcber deren Umfang und den Inhalt schaltet sich \u00fcberraschend die hohe Geistlichkeit ein &#8211; mit einem unerwarteten Vorschlag. Dass diesem gefolgt wird, ist Ehrensache und &#8230; <a title=\"2019 &#8211; Das Dorfjubil\u00e4um\" class=\"read-more\" href=\"http:\/\/www.zollinger-theater.de\/?page_id=562\" aria-label=\"Mehr Informationen \u00fcber 2019 &#8211; Das Dorfjubil\u00e4um\">Weiterlesen<\/a><\/p>\n","protected":false},"author":1,"featured_media":0,"parent":29,"menu_order":0,"comment_status":"closed","ping_status":"closed","template":"","meta":{"footnotes":""},"class_list":["post-562","page","type-page","status-publish"],"_links":{"self":[{"href":"http:\/\/www.zollinger-theater.de\/index.php?rest_route=\/wp\/v2\/pages\/562","targetHints":{"allow":["GET"]}}],"collection":[{"href":"http:\/\/www.zollinger-theater.de\/index.php?rest_route=\/wp\/v2\/pages"}],"about":[{"href":"http:\/\/www.zollinger-theater.de\/index.php?rest_route=\/wp\/v2\/types\/page"}],"author":[{"embeddable":true,"href":"http:\/\/www.zollinger-theater.de\/index.php?rest_route=\/wp\/v2\/users\/1"}],"replies":[{"embeddable":true,"href":"http:\/\/www.zollinger-theater.de\/index.php?rest_route=%2Fwp%2Fv2%2Fcomments&post=562"}],"version-history":[{"count":4,"href":"http:\/\/www.zollinger-theater.de\/index.php?rest_route=\/wp\/v2\/pages\/562\/revisions"}],"predecessor-version":[{"id":571,"href":"http:\/\/www.zollinger-theater.de\/index.php?rest_route=\/wp\/v2\/pages\/562\/revisions\/571"}],"up":[{"embeddable":true,"href":"http:\/\/www.zollinger-theater.de\/index.php?rest_route=\/wp\/v2\/pages\/29"}],"wp:attachment":[{"href":"http:\/\/www.zollinger-theater.de\/index.php?rest_route=%2Fwp%2Fv2%2Fmedia&parent=562"}],"curies":[{"name":"wp","href":"https:\/\/api.w.org\/{rel}","templated":true}]}}