{"id":98,"date":"2015-03-22T17:44:02","date_gmt":"2015-03-22T15:44:02","guid":{"rendered":"http:\/\/www.zollinger-theater.de\/wp\/?page_id=98"},"modified":"2019-01-30T19:29:58","modified_gmt":"2019-01-30T18:29:58","slug":"chronik","status":"publish","type":"page","link":"http:\/\/www.zollinger-theater.de\/?page_id=98","title":{"rendered":"Chronik"},"content":{"rendered":"<p>Im Jahr 1929 begann der Burschenverein Zolling mit dem Theaterspiel. Aus diesem heraus wurde \u00a0unter der Federf\u00fchrung von Georg Kranz (+ 24.10.13) im Jahr 2000 ein eigenst\u00e4ndiger Theaterverein mit dem Namen &#8220; &#8217;s Zollinger Theater&#8220; gegr\u00fcndet.<\/p>\n<p>Georg Kranz f\u00fchrte von 1963 \u2013 1997 selbst Regie und begeisterte das Theaterpublikum mit vielen liebevoll inszenierten Theaterauff\u00fchrungen. Als sein \u201eMeisterst\u00fcck\u201c darf man wohl das 1986 und 1994 aufgef\u00fchrte St\u00fcck \u201eDer Brandner Kaspar schaut ins Paradies\u201c bezeichnen.<\/p>\n<p>Im Jahr 1994 erhielt die Theatergruppe im Burschenverein unter seiner F\u00fchrung den Anerkennungspreis des Landkreises Freising.<\/p>\n<p>Warum wurde dann im Jahr 2000 ein eigenst\u00e4ndiger Verein gegr\u00fcndet? Hierzu schreibt Willi Lenz im Freisinger Tagblatt, dass die \u201eBretter, die die Welt bedeuten, auch N\u00e4gel haben\u201c. Es ging vor allem um die Verteilung der Aufgaben, deren Last in den letzten Jahren immer mehr auf den Schultern des Regisseurs (Spielleiters) der Theatergruppe lag, aber auch um die Mitwirkung von \u201e\u00e4lteren\u201c Darstellern, die sich nicht mehr zum Burschenverein zugeh\u00f6rig f\u00fchlten, sowie um organisatorische Themen (Mitgliedschaft im Bayerischen Amateurtheaterverband sowie Versicherungsthemen), die im Zuge einer Eigenst\u00e4ndigkeit leichter umsetzbar waren.<\/p>\n<p>So wurde am 10.3.2000 der eigenst\u00e4ndige Verein \u201e\u00b4s Zollinger Theater\u201c gegr\u00fcndet und das Theater in Zolling fand auch formal eine neue Heimat. Als Gr\u00fcndungsmitglied und als erster gew\u00e4hlter Vorsitzender\u00a0 f\u00fchrte Georg V\u00f6lkl den Verein 15 Jahre lang bis zum Herbst 2015.<\/p>\n<p>Am Ostersonntag, 23. April 2000 war dann die Premierenvorstellung des Theaterst\u00fcckes \u201eDie drei Eisb\u00e4ren\u201c unter der Regie von Elisabeth Forster. In den folgenden Auff\u00fchrungen wechselten die Spielleiter, denn man wollte bewusst die Verantwortung nicht mehr nur auf eine Person beschr\u00e4nken. So f\u00fchrte im Jahr 2001 beim St\u00fcck \u201eRatsch und Tratsch\u201c Georg Brandmaier und beim St\u00fcck \u201eUmdraaht\u201c im Jahr 2002 Hans Schopf die Regie. Die Verantwortlichkeiten der Spielleitung lagen bis 2011 bei dem Trio, das bei der Inszenierung \u201eDer verkaufte Gro\u00dfvater\u201c um Georg V\u00f6lkl erg\u00e4nzt wurde.<\/p>\n<p>Seit 2012 wechselt sich die Theaterinszenierung j\u00e4hrlich mit einem Starkbierfest ab. Bis 2017 lag die Theaterspielleitung ausschlie\u00dflich in der Hand von Elisabeth Forster. 2019 Inszenieren die Vorst\u00e4nde Georg Brandmaier und Jochen Fischer.<\/p>\n<p>Das Angebot des Starkbierfestes wird sehr stark angenommen und kann als Erfolgsgeschichte\u00a0 bezeichnet werden, vor allem, da sich die Mitglieder auch hier mit kabarettistischen und schauspielerischen Einlagen einbringen und ihre F\u00e4higkeiten zeigen k\u00f6nnen.<\/p>\n<p>Der Verein hat es geschafft, das hohe Niveau der Inszenierungen aufrecht zu erhalten und die Tradition des Theaterspiels in Zolling nach der \u00c4ra des Burschenvereins weiterzuf\u00fchren. Mittlerweile schaut der Verein mit seinen aktuell \u00fcber 80 Mitgliedern seinem 20-j\u00e4hrigen Bestehen entgegen, mit hoher Kontinuit\u00e4t bei den aktiven und passiven Mitgliedern bis zur\u00fcck zur Gr\u00fcndungszeit. Gleichzeitig richtet sich der Verein aber auch f\u00fcr die Zukunft aus, z. B. mit der Eintragung ins Vereinsregister 2017, und freut sich \u00fcber Mitgliederzuwachs, die in der Vorstandschaft und im Ensemble aktiv sind.<\/p>\n<p>So d\u00fcrfen sich die Zollinger B\u00fcrger auch zuk\u00fcnftig noch auf viele sch\u00f6ne Theaterabende freuen.<\/p>\n\n\n<p><\/p>\n","protected":false},"excerpt":{"rendered":"<p>Im Jahr 1929 begann der Burschenverein Zolling mit dem Theaterspiel. Aus diesem heraus wurde \u00a0unter der Federf\u00fchrung von Georg Kranz (+ 24.10.13) im Jahr 2000 ein eigenst\u00e4ndiger Theaterverein mit dem Namen &#8220; &#8217;s Zollinger Theater&#8220; gegr\u00fcndet. Georg Kranz f\u00fchrte von 1963 \u2013 1997 selbst Regie und begeisterte das Theaterpublikum mit vielen liebevoll inszenierten Theaterauff\u00fchrungen. Als &#8230; <a title=\"Chronik\" class=\"read-more\" href=\"http:\/\/www.zollinger-theater.de\/?page_id=98\" aria-label=\"Mehr Informationen \u00fcber Chronik\">Weiterlesen<\/a><\/p>\n","protected":false},"author":1,"featured_media":0,"parent":0,"menu_order":0,"comment_status":"closed","ping_status":"closed","template":"","meta":{"footnotes":""},"class_list":["post-98","page","type-page","status-publish"],"_links":{"self":[{"href":"http:\/\/www.zollinger-theater.de\/index.php?rest_route=\/wp\/v2\/pages\/98","targetHints":{"allow":["GET"]}}],"collection":[{"href":"http:\/\/www.zollinger-theater.de\/index.php?rest_route=\/wp\/v2\/pages"}],"about":[{"href":"http:\/\/www.zollinger-theater.de\/index.php?rest_route=\/wp\/v2\/types\/page"}],"author":[{"embeddable":true,"href":"http:\/\/www.zollinger-theater.de\/index.php?rest_route=\/wp\/v2\/users\/1"}],"replies":[{"embeddable":true,"href":"http:\/\/www.zollinger-theater.de\/index.php?rest_route=%2Fwp%2Fv2%2Fcomments&post=98"}],"version-history":[{"count":5,"href":"http:\/\/www.zollinger-theater.de\/index.php?rest_route=\/wp\/v2\/pages\/98\/revisions"}],"predecessor-version":[{"id":496,"href":"http:\/\/www.zollinger-theater.de\/index.php?rest_route=\/wp\/v2\/pages\/98\/revisions\/496"}],"wp:attachment":[{"href":"http:\/\/www.zollinger-theater.de\/index.php?rest_route=%2Fwp%2Fv2%2Fmedia&parent=98"}],"curies":[{"name":"wp","href":"https:\/\/api.w.org\/{rel}","templated":true}]}}